{"id":26,"date":"2023-03-20T11:23:47","date_gmt":"2023-03-20T11:23:47","guid":{"rendered":"visualartsvisuels.ca\/?page_id=26"},"modified":"2023-07-29T22:35:20","modified_gmt":"2023-07-29T22:35:20","slug":"members","status":"publish","type":"page","link":"http:\/\/visualartsvisuels.ca\/fr\/members\/","title":{"rendered":"Membres"},"content":{"rendered":"<div class=\"wp-block-query members-grid is-layout-flow wp-block-query-is-layout-flow\"><ul class=\"columns-3 wp-block-post-template is-layout-grid wp-container-core-post-template-is-layout-6d3fbd8f wp-block-post-template-is-layout-grid\"><li class=\"wp-block-post post-279 page type-page status-publish has-post-thumbnail hentry\">\n<figure class=\"aligncenter fit-image  wp-block-post-featured-image\"><a href=\"http:\/\/visualartsvisuels.ca\/fr\/members\/galeries-ontario-ontario-galleries-11\/\" target=\"_self\"  ><img loading=\"lazy\" decoding=\"async\" width=\"526\" height=\"328\" src=\"https:\/\/visualartsvisuels.ca\/wp-content\/uploads\/2023\/03\/arca_logo.png\" class=\"attachment-post-thumbnail size-post-thumbnail wp-post-image\" alt=\"la Conf\u00e9rence des collectifs et des centres d\u2019artistes autog\u00e9r\u00e9s\" style=\"object-fit:cover;\" srcset=\"https:\/\/visualartsvisuels.ca\/wp-content\/uploads\/2023\/03\/arca_logo.png 526w, https:\/\/visualartsvisuels.ca\/wp-content\/uploads\/2023\/03\/arca_logo-300x187.png 300w\" sizes=\"auto, (max-width: 526px) 100vw, 526px\" \/><\/a><\/figure>\n<\/li><li class=\"wp-block-post post-278 page type-page status-publish has-post-thumbnail hentry\">\n<figure class=\"aligncenter fit-image  wp-block-post-featured-image\"><a href=\"http:\/\/visualartsvisuels.ca\/fr\/members\/galeries-ontario-ontario-galleries-7\/\" target=\"_self\"  ><img loading=\"lazy\" decoding=\"async\" width=\"296\" height=\"82\" src=\"https:\/\/visualartsvisuels.ca\/wp-content\/uploads\/2023\/03\/CMAlogo_EN.png\" class=\"attachment-post-thumbnail size-post-thumbnail wp-post-image\" alt=\"L\u2019Association des mus\u00e9es canadiens\" style=\"object-fit:cover;\" \/><\/a><\/figure>\n<\/li><li class=\"wp-block-post post-277 page type-page status-publish has-post-thumbnail hentry\">\n<figure class=\"aligncenter fit-image  wp-block-post-featured-image\"><a href=\"http:\/\/visualartsvisuels.ca\/fr\/members\/galeries-ontario-ontario-galleries-5\/\" target=\"_self\"  ><img loading=\"lazy\" decoding=\"async\" width=\"1708\" height=\"551\" src=\"https:\/\/visualartsvisuels.ca\/wp-content\/uploads\/2023\/03\/CCF-Logo-sm-2.png\" class=\"attachment-post-thumbnail size-post-thumbnail wp-post-image\" alt=\"La F\u00e9d\u00e9ration canadienne des m\u00e9tiers d&#039;art\" style=\"object-fit:cover;\" srcset=\"https:\/\/visualartsvisuels.ca\/wp-content\/uploads\/2023\/03\/CCF-Logo-sm-2.png 1708w, https:\/\/visualartsvisuels.ca\/wp-content\/uploads\/2023\/03\/CCF-Logo-sm-2-300x97.png 300w, https:\/\/visualartsvisuels.ca\/wp-content\/uploads\/2023\/03\/CCF-Logo-sm-2-1024x330.png 1024w, https:\/\/visualartsvisuels.ca\/wp-content\/uploads\/2023\/03\/CCF-Logo-sm-2-768x248.png 768w, https:\/\/visualartsvisuels.ca\/wp-content\/uploads\/2023\/03\/CCF-Logo-sm-2-1536x496.png 1536w\" sizes=\"auto, (max-width: 1708px) 100vw, 1708px\" \/><\/a><\/figure>\n<\/li><li class=\"wp-block-post post-276 page type-page status-publish has-post-thumbnail hentry\">\n<figure class=\"aligncenter fit-image  wp-block-post-featured-image\"><a href=\"http:\/\/visualartsvisuels.ca\/fr\/members\/galeries-ontario-ontario-galleries-10\/\" target=\"_self\"  ><img loading=\"lazy\" decoding=\"async\" width=\"193\" height=\"141\" src=\"https:\/\/visualartsvisuels.ca\/wp-content\/uploads\/2023\/03\/FC85753E-0595-4C9E-9749-E00D4392C223.png\" class=\"attachment-post-thumbnail size-post-thumbnail wp-post-image\" alt=\"Canadian Art Gallery Educators\" style=\"object-fit:cover;\" \/><\/a><\/figure>\n<\/li><li class=\"wp-block-post post-275 page type-page status-publish has-post-thumbnail hentry\">\n<figure class=\"aligncenter fit-image  wp-block-post-featured-image\"><a href=\"http:\/\/visualartsvisuels.ca\/fr\/members\/galeries-ontario-ontario-galleries-9\/\" target=\"_self\"  ><img loading=\"lazy\" decoding=\"async\" width=\"2560\" height=\"1978\" src=\"https:\/\/visualartsvisuels.ca\/wp-content\/uploads\/2023\/08\/RAAV-Pastille-4Couleurs-RGB-1-scaled.jpg\" class=\"attachment-post-thumbnail size-post-thumbnail wp-post-image\" alt=\"Regroupement des artistes en arts visuels du Qu\u00e9bec\" style=\"object-fit:cover;\" srcset=\"https:\/\/visualartsvisuels.ca\/wp-content\/uploads\/2023\/08\/RAAV-Pastille-4Couleurs-RGB-1-scaled.jpg 2560w, https:\/\/visualartsvisuels.ca\/wp-content\/uploads\/2023\/08\/RAAV-Pastille-4Couleurs-RGB-1-300x232.jpg 300w, https:\/\/visualartsvisuels.ca\/wp-content\/uploads\/2023\/08\/RAAV-Pastille-4Couleurs-RGB-1-1024x791.jpg 1024w, https:\/\/visualartsvisuels.ca\/wp-content\/uploads\/2023\/08\/RAAV-Pastille-4Couleurs-RGB-1-768x593.jpg 768w, https:\/\/visualartsvisuels.ca\/wp-content\/uploads\/2023\/08\/RAAV-Pastille-4Couleurs-RGB-1-1536x1187.jpg 1536w, https:\/\/visualartsvisuels.ca\/wp-content\/uploads\/2023\/08\/RAAV-Pastille-4Couleurs-RGB-1-2048x1582.jpg 2048w, https:\/\/visualartsvisuels.ca\/wp-content\/uploads\/2023\/08\/RAAV-Pastille-4Couleurs-RGB-1-16x12.jpg 16w\" sizes=\"auto, (max-width: 2560px) 100vw, 2560px\" \/><\/a><\/figure>\n<\/li><li class=\"wp-block-post post-274 page type-page status-publish has-post-thumbnail hentry\">\n<figure class=\"aligncenter fit-image  wp-block-post-featured-image\"><a href=\"http:\/\/visualartsvisuels.ca\/fr\/members\/galeries-ontario-ontario-galleries-8\/\" target=\"_self\"  ><img loading=\"lazy\" decoding=\"async\" width=\"190\" height=\"48\" src=\"https:\/\/visualartsvisuels.ca\/wp-content\/uploads\/2023\/03\/CD70DBDC-8BCB-4EEC-B0A3-81D195A34AA1.png\" class=\"attachment-post-thumbnail size-post-thumbnail wp-post-image\" alt=\"l\u2019Alliance des arts m\u00e9diatiques ind\u00e9pendants\" style=\"object-fit:cover;\" \/><\/a><\/figure>\n<\/li><li class=\"wp-block-post post-273 page type-page status-publish has-post-thumbnail hentry\">\n<figure class=\"aligncenter fit-image  wp-block-post-featured-image\"><a href=\"http:\/\/visualartsvisuels.ca\/fr\/members\/galeries-ontario-ontario-galleries-6\/\" target=\"_self\"  ><img loading=\"lazy\" decoding=\"async\" width=\"232\" height=\"78\" src=\"https:\/\/visualartsvisuels.ca\/wp-content\/uploads\/2023\/03\/6BAA8134-3514-4FF0-8A91-87E4F17A373D.png\" class=\"attachment-post-thumbnail size-post-thumbnail wp-post-image\" alt=\"Organisation des directeurs des mus\u00e9es d\u2019Art Canadiens\" style=\"object-fit:cover;\" \/><\/a><\/figure>\n<\/li><li class=\"wp-block-post post-272 page type-page status-publish has-post-thumbnail hentry\">\n<figure class=\"aligncenter fit-image  wp-block-post-featured-image\"><a href=\"http:\/\/visualartsvisuels.ca\/fr\/members\/galeries-ontario-ontario-galleries-4\/\" target=\"_self\"  ><img loading=\"lazy\" decoding=\"async\" width=\"540\" height=\"172\" src=\"https:\/\/visualartsvisuels.ca\/wp-content\/uploads\/2023\/03\/carfac.png\" class=\"attachment-post-thumbnail size-post-thumbnail wp-post-image\" alt=\"CARFAC\" style=\"object-fit:cover;\" srcset=\"https:\/\/visualartsvisuels.ca\/wp-content\/uploads\/2023\/03\/carfac.png 540w, https:\/\/visualartsvisuels.ca\/wp-content\/uploads\/2023\/03\/carfac-300x96.png 300w\" sizes=\"auto, (max-width: 540px) 100vw, 540px\" \/><\/a><\/figure>\n<\/li><li class=\"wp-block-post post-271 page type-page status-publish has-post-thumbnail hentry\">\n<figure class=\"aligncenter fit-image  wp-block-post-featured-image\"><a href=\"http:\/\/visualartsvisuels.ca\/fr\/members\/galeries-ontario-ontario-galleries-3\/\" target=\"_self\"  ><img loading=\"lazy\" decoding=\"async\" width=\"1498\" height=\"419\" src=\"https:\/\/visualartsvisuels.ca\/wp-content\/uploads\/2023\/03\/cropped-logo.gif\" class=\"attachment-post-thumbnail size-post-thumbnail wp-post-image\" alt=\"L\u2019Association des groupes en arts visuels francophones\" style=\"object-fit:cover;\" \/><\/a><\/figure>\n<\/li><li class=\"wp-block-post post-270 page type-page status-publish has-post-thumbnail hentry\">\n<figure class=\"aligncenter fit-image  wp-block-post-featured-image\"><a href=\"http:\/\/visualartsvisuels.ca\/fr\/members\/galeries-ontario-ontario-galleries-2\/\" target=\"_self\"  ><img loading=\"lazy\" decoding=\"async\" width=\"632\" height=\"314\" src=\"https:\/\/visualartsvisuels.ca\/wp-content\/uploads\/2023\/03\/rcaa.png\" class=\"attachment-post-thumbnail size-post-thumbnail wp-post-image\" alt=\"L\u2019Acad\u00e9mie royale des arts du Canada\" style=\"object-fit:cover;\" srcset=\"https:\/\/visualartsvisuels.ca\/wp-content\/uploads\/2023\/03\/rcaa.png 632w, https:\/\/visualartsvisuels.ca\/wp-content\/uploads\/2023\/03\/rcaa-300x149.png 300w\" sizes=\"auto, (max-width: 632px) 100vw, 632px\" \/><\/a><\/figure>\n<\/li><li class=\"wp-block-post post-267 page type-page status-publish has-post-thumbnail hentry\">\n<figure class=\"aligncenter fit-image  wp-block-post-featured-image\"><a href=\"http:\/\/visualartsvisuels.ca\/fr\/members\/galeries-ontario-ontario-galleries\/\" target=\"_self\"  ><img loading=\"lazy\" decoding=\"async\" width=\"1230\" height=\"339\" src=\"https:\/\/visualartsvisuels.ca\/wp-content\/uploads\/2023\/03\/Artboard-1@3x.png\" class=\"attachment-post-thumbnail size-post-thumbnail wp-post-image\" alt=\"Galeries Ontario \/ Ontario Galleries\" style=\"object-fit:cover;\" srcset=\"https:\/\/visualartsvisuels.ca\/wp-content\/uploads\/2023\/03\/Artboard-1@3x.png 1230w, https:\/\/visualartsvisuels.ca\/wp-content\/uploads\/2023\/03\/Artboard-1@3x-300x83.png 300w, https:\/\/visualartsvisuels.ca\/wp-content\/uploads\/2023\/03\/Artboard-1@3x-1024x282.png 1024w, https:\/\/visualartsvisuels.ca\/wp-content\/uploads\/2023\/03\/Artboard-1@3x-768x212.png 768w\" sizes=\"auto, (max-width: 1230px) 100vw, 1230px\" \/><\/a><\/figure>\n<\/li><\/ul>\n\n<\/div>","protected":false},"excerpt":{"rendered":"","protected":false},"author":1,"featured_media":0,"parent":0,"menu_order":0,"comment_status":"closed","ping_status":"closed","template":"","meta":{"footnotes":""},"class_list":["post-26","page","type-page","status-publish","hentry"],"_links":{"self":[{"href":"http:\/\/visualartsvisuels.ca\/fr\/wp-json\/wp\/v2\/pages\/26","targetHints":{"allow":["GET"]}}],"collection":[{"href":"http:\/\/visualartsvisuels.ca\/fr\/wp-json\/wp\/v2\/pages"}],"about":[{"href":"http:\/\/visualartsvisuels.ca\/fr\/wp-json\/wp\/v2\/types\/page"}],"author":[{"embeddable":true,"href":"http:\/\/visualartsvisuels.ca\/fr\/wp-json\/wp\/v2\/users\/1"}],"replies":[{"embeddable":true,"href":"http:\/\/visualartsvisuels.ca\/fr\/wp-json\/wp\/v2\/comments?post=26"}],"version-history":[{"count":2,"href":"http:\/\/visualartsvisuels.ca\/fr\/wp-json\/wp\/v2\/pages\/26\/revisions"}],"predecessor-version":[{"id":629,"href":"http:\/\/visualartsvisuels.ca\/fr\/wp-json\/wp\/v2\/pages\/26\/revisions\/629"}],"wp:attachment":[{"href":"http:\/\/visualartsvisuels.ca\/fr\/wp-json\/wp\/v2\/media?parent=26"}],"curies":[{"name":"wp","href":"https:\/\/api.w.org\/{rel}","templated":true}]}}