{"id":267,"date":"2023-03-20T18:51:53","date_gmt":"2023-03-20T18:51:53","guid":{"rendered":"visualartsvisuels.ca\/?page_id=267"},"modified":"2023-12-11T20:34:03","modified_gmt":"2023-12-11T20:34:03","slug":"galeries-ontario-ontario-galleries","status":"publish","type":"page","link":"http:\/\/visualartsvisuels.ca\/fr\/members\/galeries-ontario-ontario-galleries\/","title":{"rendered":"Galeries Ontario \/ Ontario Galleries"},"content":{"rendered":"<p><strong><a rel=\"noreferrer noopener\" href=\"http:\/\/galeries-ontario-galleries.ca\/\" target=\"_blank\">Galeries Ontario \/ Ontario Galleries (GOG)<\/a><\/strong>\u00a0a c\u00e9l\u00e9br\u00e9 son 50e anniversaire en tant qu\u2019organisme de services aux arts (OSA) qui repr\u00e9sente plus de 260 membres, dont des galeries d\u2019art publiques, des mus\u00e9es, des centres d\u2019artistes autog\u00e9r\u00e9s et des organismes culturels. Depuis plus de 40 ans, son programme annuel de prix sert de bar\u00e8me quant aux normes d\u2019excellence pour les arts visuels au Canada. En d\u00e9fendant les int\u00e9r\u00eats de ses membres quant aux enjeux, aux politiques et aux lois aupr\u00e8s de tous les paliers de gouvernement, en offrant des possibilit\u00e9s de perfectionnement professionnel novatrices et avant-gardistes et en facilitant la mise en r\u00e9seau, GOG fait progresser, habilite et renforce le secteur des arts visuels au Canada.<\/p>","protected":false},"excerpt":{"rendered":"<p>Galeries Ontario \/ Ontario Galleries (GOG)\u00a0marked its 50 year as an arts service organization (ASO) which represents over 260 members\u2014public art galleries, museums, artist-run-centres, and arts organizations. Over 40 years, its annual award program has been defining the standards of excellence for the visual arts in Canada. Through advocacy on issues, policy, legislation to all [&hellip;]<\/p>\n","protected":false},"author":1,"featured_media":269,"parent":26,"menu_order":0,"comment_status":"closed","ping_status":"closed","template":"","meta":{"footnotes":""},"class_list":["post-267","page","type-page","status-publish","has-post-thumbnail","hentry"],"_links":{"self":[{"href":"http:\/\/visualartsvisuels.ca\/fr\/wp-json\/wp\/v2\/pages\/267","targetHints":{"allow":["GET"]}}],"collection":[{"href":"http:\/\/visualartsvisuels.ca\/fr\/wp-json\/wp\/v2\/pages"}],"about":[{"href":"http:\/\/visualartsvisuels.ca\/fr\/wp-json\/wp\/v2\/types\/page"}],"author":[{"embeddable":true,"href":"http:\/\/visualartsvisuels.ca\/fr\/wp-json\/wp\/v2\/users\/1"}],"replies":[{"embeddable":true,"href":"http:\/\/visualartsvisuels.ca\/fr\/wp-json\/wp\/v2\/comments?post=267"}],"version-history":[{"count":7,"href":"http:\/\/visualartsvisuels.ca\/fr\/wp-json\/wp\/v2\/pages\/267\/revisions"}],"predecessor-version":[{"id":792,"href":"http:\/\/visualartsvisuels.ca\/fr\/wp-json\/wp\/v2\/pages\/267\/revisions\/792"}],"up":[{"embeddable":true,"href":"http:\/\/visualartsvisuels.ca\/fr\/wp-json\/wp\/v2\/pages\/26"}],"wp:featuredmedia":[{"embeddable":true,"href":"http:\/\/visualartsvisuels.ca\/fr\/wp-json\/wp\/v2\/media\/269"}],"wp:attachment":[{"href":"http:\/\/visualartsvisuels.ca\/fr\/wp-json\/wp\/v2\/media?parent=267"}],"curies":[{"name":"wp","href":"https:\/\/api.w.org\/{rel}","templated":true}]}}