{"id":270,"date":"2023-03-20T18:58:12","date_gmt":"2023-03-20T18:58:12","guid":{"rendered":"visualartsvisuels.ca\/?page_id=270"},"modified":"2023-08-29T17:32:11","modified_gmt":"2023-08-29T17:32:11","slug":"galeries-ontario-ontario-galleries-2","status":"publish","type":"page","link":"http:\/\/visualartsvisuels.ca\/fr\/members\/galeries-ontario-ontario-galleries-2\/","title":{"rendered":"L\u2019Acad\u00e9mie royale des arts du Canada"},"content":{"rendered":"<p><strong><a href=\"https:\/\/rca-arc.ca\/fr\/acceuil\">L\u2019Acad\u00e9mie royale des arts du Canada<\/a><\/strong>\u00a0(ARC) est l\u2019un des plus anciens organismes d\u2019artistes autog\u00e9r\u00e9s toujours en activit\u00e9 au Canada. L\u2019Acad\u00e9mie a \u00e9t\u00e9 fond\u00e9e en 1880 par le gouverneur g\u00e9n\u00e9ral du Canada, John Campbell, 9e duc d\u2019Argyll dans le cadre de la cr\u00e9ation du Mus\u00e9e des beaux-arts du Canada.<\/p>","protected":false},"excerpt":{"rendered":"<p>The Royal Canadian Academy of Arts\u00a0(RCA) celebrates the achievements, innovation and vision of Canada\u2019s visual artists through exhibitions and special events. We actively encourage and support emerging visual artists from across the country through scholarships and mentoring. We seek to facilitate an understanding of the importance of the visual arts as an aspect of our [&hellip;]<\/p>\n","protected":false},"author":1,"featured_media":331,"parent":26,"menu_order":0,"comment_status":"closed","ping_status":"closed","template":"","meta":{"footnotes":""},"class_list":["post-270","page","type-page","status-publish","has-post-thumbnail","hentry"],"_links":{"self":[{"href":"http:\/\/visualartsvisuels.ca\/fr\/wp-json\/wp\/v2\/pages\/270","targetHints":{"allow":["GET"]}}],"collection":[{"href":"http:\/\/visualartsvisuels.ca\/fr\/wp-json\/wp\/v2\/pages"}],"about":[{"href":"http:\/\/visualartsvisuels.ca\/fr\/wp-json\/wp\/v2\/types\/page"}],"author":[{"embeddable":true,"href":"http:\/\/visualartsvisuels.ca\/fr\/wp-json\/wp\/v2\/users\/1"}],"replies":[{"embeddable":true,"href":"http:\/\/visualartsvisuels.ca\/fr\/wp-json\/wp\/v2\/comments?post=270"}],"version-history":[{"count":3,"href":"http:\/\/visualartsvisuels.ca\/fr\/wp-json\/wp\/v2\/pages\/270\/revisions"}],"predecessor-version":[{"id":693,"href":"http:\/\/visualartsvisuels.ca\/fr\/wp-json\/wp\/v2\/pages\/270\/revisions\/693"}],"up":[{"embeddable":true,"href":"http:\/\/visualartsvisuels.ca\/fr\/wp-json\/wp\/v2\/pages\/26"}],"wp:featuredmedia":[{"embeddable":true,"href":"http:\/\/visualartsvisuels.ca\/fr\/wp-json\/wp\/v2\/media\/331"}],"wp:attachment":[{"href":"http:\/\/visualartsvisuels.ca\/fr\/wp-json\/wp\/v2\/media?parent=270"}],"curies":[{"name":"wp","href":"https:\/\/api.w.org\/{rel}","templated":true}]}}