{"id":272,"date":"2023-03-20T18:58:12","date_gmt":"2023-03-20T18:58:12","guid":{"rendered":"visualartsvisuels.ca\/?page_id=272"},"modified":"2023-08-29T17:29:16","modified_gmt":"2023-08-29T17:29:16","slug":"galeries-ontario-ontario-galleries-4","status":"publish","type":"page","link":"http:\/\/visualartsvisuels.ca\/fr\/members\/galeries-ontario-ontario-galleries-4\/","title":{"rendered":"CARFAC"},"content":{"rendered":"<p><strong><a rel=\"noreferrer noopener\" href=\"https:\/\/www.carfac.ca\/fr\/\" target=\"_blank\">Canadian Artists Representation\/Front des artistes canadiens (CARFAC)<\/a><\/strong>\u00a0croyons que les artistes, comme les professionnels d\u2019autres domaines doivent \u00eatre r\u00e9mun\u00e9r\u00e9s pour leur travail et recevoir une part \u00e9quitable des profits g\u00e9n\u00e9r\u00e9s par ce travail. En tant que voix des artistes canadiens \u00e0 l\u2019\u00e9chelle nationale, CARFAC d\u00e9fend les droits \u00e9conomiques et juridiques des artistes et apprend au public \u00e0 traiter de fa\u00e7on juste avec eux. Ce faisant, CARFAC favorise un climat socio\u00e9conomique propice \u00e0 la production d\u2019art visuel, \u00e0 la recherche et \u00e0 la formation du public.<\/p>","protected":false},"excerpt":{"rendered":"<p>Canadian Artists Representation\/Front des artistes canadiens (CARFAC)\u00a0believes that artists, like professionals in other fields, should be paid for their work and share equitably in profits from their work. As the national voice of Canada\u2019s professional visual artists, CARFAC defends artists\u2019 economic and legal rights and educates the public on fair dealing with artists. In doing [&hellip;]<\/p>\n","protected":false},"author":1,"featured_media":336,"parent":26,"menu_order":0,"comment_status":"closed","ping_status":"closed","template":"","meta":{"footnotes":""},"class_list":["post-272","page","type-page","status-publish","has-post-thumbnail","hentry"],"_links":{"self":[{"href":"http:\/\/visualartsvisuels.ca\/fr\/wp-json\/wp\/v2\/pages\/272","targetHints":{"allow":["GET"]}}],"collection":[{"href":"http:\/\/visualartsvisuels.ca\/fr\/wp-json\/wp\/v2\/pages"}],"about":[{"href":"http:\/\/visualartsvisuels.ca\/fr\/wp-json\/wp\/v2\/types\/page"}],"author":[{"embeddable":true,"href":"http:\/\/visualartsvisuels.ca\/fr\/wp-json\/wp\/v2\/users\/1"}],"replies":[{"embeddable":true,"href":"http:\/\/visualartsvisuels.ca\/fr\/wp-json\/wp\/v2\/comments?post=272"}],"version-history":[{"count":3,"href":"http:\/\/visualartsvisuels.ca\/fr\/wp-json\/wp\/v2\/pages\/272\/revisions"}],"predecessor-version":[{"id":691,"href":"http:\/\/visualartsvisuels.ca\/fr\/wp-json\/wp\/v2\/pages\/272\/revisions\/691"}],"up":[{"embeddable":true,"href":"http:\/\/visualartsvisuels.ca\/fr\/wp-json\/wp\/v2\/pages\/26"}],"wp:featuredmedia":[{"embeddable":true,"href":"http:\/\/visualartsvisuels.ca\/fr\/wp-json\/wp\/v2\/media\/336"}],"wp:attachment":[{"href":"http:\/\/visualartsvisuels.ca\/fr\/wp-json\/wp\/v2\/media?parent=272"}],"curies":[{"name":"wp","href":"https:\/\/api.w.org\/{rel}","templated":true}]}}