{"id":273,"date":"2023-03-20T18:58:12","date_gmt":"2023-03-20T18:58:12","guid":{"rendered":"visualartsvisuels.ca\/?page_id=273"},"modified":"2025-04-17T15:12:07","modified_gmt":"2025-04-17T15:12:07","slug":"galeries-ontario-ontario-galleries-6","status":"publish","type":"page","link":"http:\/\/visualartsvisuels.ca\/fr\/members\/galeries-ontario-ontario-galleries-6\/","title":{"rendered":"Organisation des directeurs des mus\u00e9es d\u2019Art Canadiens"},"content":{"rendered":"<p><strong><a href=\"http:\/\/www.camdo-odmac.ca\/fr\">l'Organisation des directeurs des mus\u00e9es d'art du Canada (ODMA)<\/a><\/strong>\u00a0\u00a0est une association professionnelle dont les membres sont les directeurs de galeries d'art publiques et de mus\u00e9es d'art partout au Canada. L'association a pour but d'offrir un forum pour l'\u00e9change d'information et le r\u00e9seautage, de soutenir le d\u00e9veloppement professionnel des membres, de consulter les organismes f\u00e9d\u00e9raux et les d\u00e9partements autour de questions relatives au secteur des arts visuels, et d'assurer le maintien de normes d'\u00e9thique et de pratique pour ses membres.<\/p>","protected":false},"excerpt":{"rendered":"<p>The Canadian Art Museum Directors Organization (CAMDO\/ODMAC)\u00a0\u00a0is a professional association whose members direct public art galleries and art museums throughout Canada. The association\u2019s purposes are to provide a forum for the exchange of information and networking; to support members&#8217; professional development; to consult with federal agencies and departments around issues pertinent to the public gallery [&hellip;]<\/p>\n","protected":false},"author":1,"featured_media":359,"parent":26,"menu_order":0,"comment_status":"closed","ping_status":"closed","template":"","meta":{"footnotes":""},"class_list":["post-273","page","type-page","status-publish","has-post-thumbnail","hentry"],"_links":{"self":[{"href":"http:\/\/visualartsvisuels.ca\/fr\/wp-json\/wp\/v2\/pages\/273","targetHints":{"allow":["GET"]}}],"collection":[{"href":"http:\/\/visualartsvisuels.ca\/fr\/wp-json\/wp\/v2\/pages"}],"about":[{"href":"http:\/\/visualartsvisuels.ca\/fr\/wp-json\/wp\/v2\/types\/page"}],"author":[{"embeddable":true,"href":"http:\/\/visualartsvisuels.ca\/fr\/wp-json\/wp\/v2\/users\/1"}],"replies":[{"embeddable":true,"href":"http:\/\/visualartsvisuels.ca\/fr\/wp-json\/wp\/v2\/comments?post=273"}],"version-history":[{"count":8,"href":"http:\/\/visualartsvisuels.ca\/fr\/wp-json\/wp\/v2\/pages\/273\/revisions"}],"predecessor-version":[{"id":889,"href":"http:\/\/visualartsvisuels.ca\/fr\/wp-json\/wp\/v2\/pages\/273\/revisions\/889"}],"up":[{"embeddable":true,"href":"http:\/\/visualartsvisuels.ca\/fr\/wp-json\/wp\/v2\/pages\/26"}],"wp:featuredmedia":[{"embeddable":true,"href":"http:\/\/visualartsvisuels.ca\/fr\/wp-json\/wp\/v2\/media\/359"}],"wp:attachment":[{"href":"http:\/\/visualartsvisuels.ca\/fr\/wp-json\/wp\/v2\/media?parent=273"}],"curies":[{"name":"wp","href":"https:\/\/api.w.org\/{rel}","templated":true}]}}