{"id":274,"date":"2023-03-20T18:58:12","date_gmt":"2023-03-20T18:58:12","guid":{"rendered":"visualartsvisuels.ca\/?page_id=274"},"modified":"2023-08-29T17:26:07","modified_gmt":"2023-08-29T17:26:07","slug":"galeries-ontario-ontario-galleries-8","status":"publish","type":"page","link":"http:\/\/visualartsvisuels.ca\/fr\/members\/galeries-ontario-ontario-galleries-8\/","title":{"rendered":"l\u2019Alliance des arts m\u00e9diatiques ind\u00e9pendants"},"content":{"rendered":"<p><strong><a href=\"https:\/\/www.imaa.ca\/fr\/\">l\u2019Alliance des arts m\u00e9diatiques ind\u00e9pendants (AAMI)<\/a><\/strong>\u00a0est un organisme national \u00e0 but non lucratif dirig\u00e9 par ses membres et qui travaille \u00e0 l'avancement et au renforcement de la communaut\u00e9 des arts m\u00e9diatiques au Canada. Fond\u00e9e \u00e0 Yorkton, Saskatchewan, en novembre 1980, repr\u00e9sentant plus de 80 organisations ind\u00e9pendantes de production, distribution et diffusion en cin\u00e9ma, vid\u00e9o, audio et nouveaux m\u00e9dias, l\u2019AAMI sert ainsi plus de 12 000 artistes ind\u00e9pendants et travailleurs culturels.<\/p>","protected":false},"excerpt":{"rendered":"<p>The Independent Media Arts Alliance (IMAA)\u00a0is a member-driven non-profit national organization working to advance and strengthen the media arts community in Canada. Founded in Yorkton, Saskatchewan in November 1980, today the IMAA represents over 80 independent film, video, audio and new media production, distribution, and exhibition organizations in all parts of Canada. The IMAA serves [&hellip;]<\/p>\n","protected":false},"author":1,"featured_media":355,"parent":26,"menu_order":0,"comment_status":"closed","ping_status":"closed","template":"","meta":{"footnotes":""},"class_list":["post-274","page","type-page","status-publish","has-post-thumbnail","hentry"],"_links":{"self":[{"href":"http:\/\/visualartsvisuels.ca\/fr\/wp-json\/wp\/v2\/pages\/274","targetHints":{"allow":["GET"]}}],"collection":[{"href":"http:\/\/visualartsvisuels.ca\/fr\/wp-json\/wp\/v2\/pages"}],"about":[{"href":"http:\/\/visualartsvisuels.ca\/fr\/wp-json\/wp\/v2\/types\/page"}],"author":[{"embeddable":true,"href":"http:\/\/visualartsvisuels.ca\/fr\/wp-json\/wp\/v2\/users\/1"}],"replies":[{"embeddable":true,"href":"http:\/\/visualartsvisuels.ca\/fr\/wp-json\/wp\/v2\/comments?post=274"}],"version-history":[{"count":3,"href":"http:\/\/visualartsvisuels.ca\/fr\/wp-json\/wp\/v2\/pages\/274\/revisions"}],"predecessor-version":[{"id":689,"href":"http:\/\/visualartsvisuels.ca\/fr\/wp-json\/wp\/v2\/pages\/274\/revisions\/689"}],"up":[{"embeddable":true,"href":"http:\/\/visualartsvisuels.ca\/fr\/wp-json\/wp\/v2\/pages\/26"}],"wp:featuredmedia":[{"embeddable":true,"href":"http:\/\/visualartsvisuels.ca\/fr\/wp-json\/wp\/v2\/media\/355"}],"wp:attachment":[{"href":"http:\/\/visualartsvisuels.ca\/fr\/wp-json\/wp\/v2\/media?parent=274"}],"curies":[{"name":"wp","href":"https:\/\/api.w.org\/{rel}","templated":true}]}}