{"id":275,"date":"2023-03-20T18:58:12","date_gmt":"2023-03-20T18:58:12","guid":{"rendered":"visualartsvisuels.ca\/?page_id=275"},"modified":"2023-08-29T17:20:20","modified_gmt":"2023-08-29T17:20:20","slug":"galeries-ontario-ontario-galleries-9","status":"publish","type":"page","link":"http:\/\/visualartsvisuels.ca\/fr\/members\/galeries-ontario-ontario-galleries-9\/","title":{"rendered":"Regroupement des artistes en arts visuels du Qu\u00e9bec"},"content":{"rendered":"<p><strong><a href=\"https:\/\/raav.org\/\" target=\"_blank\" rel=\"noreferrer noopener\"><\/a><\/strong><\/p>\n\n\n\n<p>Fond\u00e9 en 1989,\u00a0<strong><a href=\"http:\/\/www.raav.org\/\">Regroupement des artistes en arts visuels du Qu\u00e9bec<\/a><\/strong> (RAAV) est l'association mandat\u00e9e pour repr\u00e9senter l'ensemble des artistes professionnels ayant une d\u00e9marche de cr\u00e9ation en arts visuels. Le mandat du RAAV \u00e9mane de la Loi sur le statut professionnel des artistes des arts visuels, des m\u00e9tiers d'art et de la litt\u00e9rature et sur leurs contrats avec les diffuseurs (Loi S-32.01). Cette loi d\u00e9finit les crit\u00e8res de professionnalisme des cr\u00e9ateurs (les artistes), r\u00e8glemente leur repr\u00e9sentation collective et oblige les parties (les utilisateurs et les artistes) \u00e0 signer des contrats lors de toute utilisation d'\u0153uvre.<\/p>","protected":false},"excerpt":{"rendered":"<p>Created in 1989,\u00a0Regroupement des artistes en arts visuels du Qu\u00e9bec (RAAV)\u00a0is the association elected to represent all professional artists involved in a visual art creation process. RAAV\u2019s mandate comes from the Act Respecting the Professional Status of Artists in the Visual Arts, Arts and Crafts and Literature, and Their Contracts with Promoters (Act S-32.01). This [&hellip;]<\/p>\n","protected":false},"author":1,"featured_media":675,"parent":26,"menu_order":0,"comment_status":"closed","ping_status":"closed","template":"","meta":{"footnotes":""},"class_list":["post-275","page","type-page","status-publish","has-post-thumbnail","hentry"],"_links":{"self":[{"href":"http:\/\/visualartsvisuels.ca\/fr\/wp-json\/wp\/v2\/pages\/275","targetHints":{"allow":["GET"]}}],"collection":[{"href":"http:\/\/visualartsvisuels.ca\/fr\/wp-json\/wp\/v2\/pages"}],"about":[{"href":"http:\/\/visualartsvisuels.ca\/fr\/wp-json\/wp\/v2\/types\/page"}],"author":[{"embeddable":true,"href":"http:\/\/visualartsvisuels.ca\/fr\/wp-json\/wp\/v2\/users\/1"}],"replies":[{"embeddable":true,"href":"http:\/\/visualartsvisuels.ca\/fr\/wp-json\/wp\/v2\/comments?post=275"}],"version-history":[{"count":5,"href":"http:\/\/visualartsvisuels.ca\/fr\/wp-json\/wp\/v2\/pages\/275\/revisions"}],"predecessor-version":[{"id":688,"href":"http:\/\/visualartsvisuels.ca\/fr\/wp-json\/wp\/v2\/pages\/275\/revisions\/688"}],"up":[{"embeddable":true,"href":"http:\/\/visualartsvisuels.ca\/fr\/wp-json\/wp\/v2\/pages\/26"}],"wp:featuredmedia":[{"embeddable":true,"href":"http:\/\/visualartsvisuels.ca\/fr\/wp-json\/wp\/v2\/media\/675"}],"wp:attachment":[{"href":"http:\/\/visualartsvisuels.ca\/fr\/wp-json\/wp\/v2\/media?parent=275"}],"curies":[{"name":"wp","href":"https:\/\/api.w.org\/{rel}","templated":true}]}}