{"id":276,"date":"2023-03-20T18:58:12","date_gmt":"2023-03-20T18:58:12","guid":{"rendered":"visualartsvisuels.ca\/?page_id=276"},"modified":"2023-08-31T17:31:06","modified_gmt":"2023-08-31T17:31:06","slug":"galeries-ontario-ontario-galleries-10","status":"publish","type":"page","link":"http:\/\/visualartsvisuels.ca\/fr\/members\/galeries-ontario-ontario-galleries-10\/","title":{"rendered":"Canadian Art Gallery Educators"},"content":{"rendered":"<p class=\"translation-block\"><strong><a href=\"http:\/\/www.cageart.ca\/\" target=\"_blank\" rel=\"noreferrer noopener\">Canadian Art Gallery Educators (CAGE)\u00a0<\/a><\/strong>, fond\u00e9 en octobre 1985, se d\u00e9crit comme \u00ab un organisme professionnel vou\u00e9 \u00e0 faire avancer l\u2019\u00e9ducation mus\u00e9ale au Canada \u00bb. Le groupe est affili\u00e9 \u00e0 la Soci\u00e9t\u00e9 canadienne de l\u2019\u00e9ducation par l\u2019art et \u00e0 l\u2019Association des mus\u00e9es canadiens. N\u00e9 \u00e0 l\u2019\u00e9poque o\u00f9 l\u2019\u00e9ducation dans les galeries commen\u00e7ait \u00e0 se concr\u00e9tiser sur le plan professionnel, aujourd\u2019hui, CAGE compte parmi ses membres un vaste r\u00e9seau de sp\u00e9cialistes en programmation publique, p\u00e9dagogique et communautaire.<\/p>","protected":false},"excerpt":{"rendered":"<p>Founded in October 1985,&nbsp;Canadian Art Gallery Educators (CAGE)&nbsp;described itself as \u201can independent group of professionals interested in furthering the cause of art museum\/gallery education in Canada.\u201d The group is affiliated with the Canadian Society for Education through Art and the Canadian Museums Association (CMA). Originating at a time when gallery education began to develop more [&hellip;]<\/p>\n","protected":false},"author":1,"featured_media":345,"parent":26,"menu_order":0,"comment_status":"closed","ping_status":"closed","template":"","meta":{"footnotes":""},"class_list":["post-276","page","type-page","status-publish","has-post-thumbnail","hentry"],"_links":{"self":[{"href":"http:\/\/visualartsvisuels.ca\/fr\/wp-json\/wp\/v2\/pages\/276","targetHints":{"allow":["GET"]}}],"collection":[{"href":"http:\/\/visualartsvisuels.ca\/fr\/wp-json\/wp\/v2\/pages"}],"about":[{"href":"http:\/\/visualartsvisuels.ca\/fr\/wp-json\/wp\/v2\/types\/page"}],"author":[{"embeddable":true,"href":"http:\/\/visualartsvisuels.ca\/fr\/wp-json\/wp\/v2\/users\/1"}],"replies":[{"embeddable":true,"href":"http:\/\/visualartsvisuels.ca\/fr\/wp-json\/wp\/v2\/comments?post=276"}],"version-history":[{"count":6,"href":"http:\/\/visualartsvisuels.ca\/fr\/wp-json\/wp\/v2\/pages\/276\/revisions"}],"predecessor-version":[{"id":700,"href":"http:\/\/visualartsvisuels.ca\/fr\/wp-json\/wp\/v2\/pages\/276\/revisions\/700"}],"up":[{"embeddable":true,"href":"http:\/\/visualartsvisuels.ca\/fr\/wp-json\/wp\/v2\/pages\/26"}],"wp:featuredmedia":[{"embeddable":true,"href":"http:\/\/visualartsvisuels.ca\/fr\/wp-json\/wp\/v2\/media\/345"}],"wp:attachment":[{"href":"http:\/\/visualartsvisuels.ca\/fr\/wp-json\/wp\/v2\/media?parent=276"}],"curies":[{"name":"wp","href":"https:\/\/api.w.org\/{rel}","templated":true}]}}