{"id":277,"date":"2023-03-20T18:58:12","date_gmt":"2023-03-20T18:58:12","guid":{"rendered":"visualartsvisuels.ca\/?page_id=277"},"modified":"2023-08-29T17:16:55","modified_gmt":"2023-08-29T17:16:55","slug":"galeries-ontario-ontario-galleries-5","status":"publish","type":"page","link":"http:\/\/visualartsvisuels.ca\/fr\/members\/galeries-ontario-ontario-galleries-5\/","title":{"rendered":"La F\u00e9d\u00e9ration canadienne des m\u00e9tiers d'art"},"content":{"rendered":"<p><strong><a rel=\"noreferrer noopener\" href=\"http:\/\/canadiancraftsfederation.ca\/\" target=\"_blank\">La F\u00e9d\u00e9ration canadienne des m\u00e9tiers d\u2019art\/Canadian Crafts Federation<\/a><\/strong>\u00a0est un organisme de services nationaux dans le domaine des arts qui repr\u00e9sente les conseils d\u2019artisanat des provinces et territoires, ainsi que le secteur des m\u00e9tiers d\u2019art du Canada. Il encourage et stimule la vitalit\u00e9 et l\u2019excellence de l\u2019artisanat sur la sc\u00e8ne nationale et internationale, au b\u00e9n\u00e9fice des artisans canadiens et de la communaut\u00e9 en g\u00e9n\u00e9ral.<\/p>","protected":false},"excerpt":{"rendered":"<p>The Canadian Crafts Federation (CCF\/FCMA)\u00a0is the national arts service organization that represents provincial and territorial craft councils and the Canadian craft sector. It advances and promotes the vitality and excellence of Canadian craft nationally and internationally to the benefit of Canadian craftspeople and the community at large.<\/p>","protected":false},"author":1,"featured_media":338,"parent":26,"menu_order":0,"comment_status":"closed","ping_status":"closed","template":"","meta":{"footnotes":""},"class_list":["post-277","page","type-page","status-publish","has-post-thumbnail","hentry"],"_links":{"self":[{"href":"http:\/\/visualartsvisuels.ca\/fr\/wp-json\/wp\/v2\/pages\/277","targetHints":{"allow":["GET"]}}],"collection":[{"href":"http:\/\/visualartsvisuels.ca\/fr\/wp-json\/wp\/v2\/pages"}],"about":[{"href":"http:\/\/visualartsvisuels.ca\/fr\/wp-json\/wp\/v2\/types\/page"}],"author":[{"embeddable":true,"href":"http:\/\/visualartsvisuels.ca\/fr\/wp-json\/wp\/v2\/users\/1"}],"replies":[{"embeddable":true,"href":"http:\/\/visualartsvisuels.ca\/fr\/wp-json\/wp\/v2\/comments?post=277"}],"version-history":[{"count":3,"href":"http:\/\/visualartsvisuels.ca\/fr\/wp-json\/wp\/v2\/pages\/277\/revisions"}],"predecessor-version":[{"id":686,"href":"http:\/\/visualartsvisuels.ca\/fr\/wp-json\/wp\/v2\/pages\/277\/revisions\/686"}],"up":[{"embeddable":true,"href":"http:\/\/visualartsvisuels.ca\/fr\/wp-json\/wp\/v2\/pages\/26"}],"wp:featuredmedia":[{"embeddable":true,"href":"http:\/\/visualartsvisuels.ca\/fr\/wp-json\/wp\/v2\/media\/338"}],"wp:attachment":[{"href":"http:\/\/visualartsvisuels.ca\/fr\/wp-json\/wp\/v2\/media?parent=277"}],"curies":[{"name":"wp","href":"https:\/\/api.w.org\/{rel}","templated":true}]}}