{"id":278,"date":"2023-03-20T18:58:12","date_gmt":"2023-03-20T18:58:12","guid":{"rendered":"visualartsvisuels.ca\/?page_id=278"},"modified":"2023-08-29T17:14:45","modified_gmt":"2023-08-29T17:14:45","slug":"galeries-ontario-ontario-galleries-7","status":"publish","type":"page","link":"http:\/\/visualartsvisuels.ca\/fr\/members\/galeries-ontario-ontario-galleries-7\/","title":{"rendered":"L\u2019Association des mus\u00e9es canadiens"},"content":{"rendered":"<p>L' <a href=\"http:\/\/www.museums.ca\/\">Association des mus\u00e9es canadiens\/Canadian Museums Association<\/a> (AMC) est l\u2019organisme national qui repr\u00e9sente les mus\u00e9es, galeries et autres institutions culturelles connexes du Canada sur les sc\u00e8nes nationale et internationale. Cr\u00e9\u00e9e en 1947, l\u2019AMC est \u00e9galement responsable de la Fondation des mus\u00e9es du Canada, sa nouvelle organisation affili\u00e9e qui joue un r\u00f4le crucial en mati\u00e8re de financement. L\u2019AMC regroupe pr\u00e8s de 2 000 membres parmi lesquels on compte de petites et de grandes institutions, des mus\u00e9es communautaires, d\u2019importantes galeries m\u00e9tropolitaines, des centres de science, des institutions sp\u00e9cialis\u00e9es, des centres exploit\u00e9s par des artistes et des centres culturels autochtones.<\/p>","protected":false},"excerpt":{"rendered":"<p>The Canadian Museums Association\/Association des mus\u00e9es canadiens (CMA) is the national association representing museums, galleries and other related cultural institutions in Canada on both a national and international level. Established in 1947, the CMA is also responsible for the Museums Foundation of Canada, its new key fundraising affiliate. Our membership is close to 2,000 including [&hellip;]<\/p>\n","protected":false},"author":1,"featured_media":328,"parent":26,"menu_order":0,"comment_status":"closed","ping_status":"closed","template":"","meta":{"footnotes":""},"class_list":["post-278","page","type-page","status-publish","has-post-thumbnail","hentry"],"_links":{"self":[{"href":"http:\/\/visualartsvisuels.ca\/fr\/wp-json\/wp\/v2\/pages\/278","targetHints":{"allow":["GET"]}}],"collection":[{"href":"http:\/\/visualartsvisuels.ca\/fr\/wp-json\/wp\/v2\/pages"}],"about":[{"href":"http:\/\/visualartsvisuels.ca\/fr\/wp-json\/wp\/v2\/types\/page"}],"author":[{"embeddable":true,"href":"http:\/\/visualartsvisuels.ca\/fr\/wp-json\/wp\/v2\/users\/1"}],"replies":[{"embeddable":true,"href":"http:\/\/visualartsvisuels.ca\/fr\/wp-json\/wp\/v2\/comments?post=278"}],"version-history":[{"count":4,"href":"http:\/\/visualartsvisuels.ca\/fr\/wp-json\/wp\/v2\/pages\/278\/revisions"}],"predecessor-version":[{"id":685,"href":"http:\/\/visualartsvisuels.ca\/fr\/wp-json\/wp\/v2\/pages\/278\/revisions\/685"}],"up":[{"embeddable":true,"href":"http:\/\/visualartsvisuels.ca\/fr\/wp-json\/wp\/v2\/pages\/26"}],"wp:featuredmedia":[{"embeddable":true,"href":"http:\/\/visualartsvisuels.ca\/fr\/wp-json\/wp\/v2\/media\/328"}],"wp:attachment":[{"href":"http:\/\/visualartsvisuels.ca\/fr\/wp-json\/wp\/v2\/media?parent=278"}],"curies":[{"name":"wp","href":"https:\/\/api.w.org\/{rel}","templated":true}]}}