{"id":279,"date":"2023-03-20T18:58:12","date_gmt":"2023-03-20T18:58:12","guid":{"rendered":"visualartsvisuels.ca\/?page_id=279"},"modified":"2023-08-29T17:12:29","modified_gmt":"2023-08-29T17:12:29","slug":"galeries-ontario-ontario-galleries-11","status":"publish","type":"page","link":"http:\/\/visualartsvisuels.ca\/fr\/members\/galeries-ontario-ontario-galleries-11\/","title":{"rendered":"la Conf\u00e9rence des collectifs et des centres d\u2019artistes autog\u00e9r\u00e9s"},"content":{"rendered":"<p><a>La Conf\u00e9rence des collectifs et des centres d\u2019artistes autog\u00e9r\u00e9s<\/a>  (ARCA) est un organisme canadien de repr\u00e9sentation et de promotion des arts visuels. Elle r\u00e9unit les 9 associations canadiennes de centres d\u2019artistes autog\u00e9r\u00e9s, lesquelles regroupent plus de 180 centres d\u2019artistes autog\u00e9r\u00e9s et collectifs d\u2019artistes consacr\u00e9s aux arts visuels, aux m\u00e9diatiques, aux m\u00e9tiers d\u2019art et \u00e0 l\u2019architecture \u00e0 travers le Canada.<\/p>","protected":false},"excerpt":{"rendered":"<p>Artist-Run Centres and Collectives Conference\/Conf\u00e9rence des collectifs et des centres d\u2019artistes autog\u00e9r\u00e9s (ARCA) defends and promotes the value of artist-run culture in the visual arts and advocates for its better recognition. It strengthens artist-run centre associations all across Canada and advocates for their needs. For the benefit of its members, it realizes studies and collects [&hellip;]<\/p>\n","protected":false},"author":1,"featured_media":329,"parent":26,"menu_order":0,"comment_status":"closed","ping_status":"closed","template":"","meta":{"footnotes":""},"class_list":["post-279","page","type-page","status-publish","has-post-thumbnail","hentry"],"_links":{"self":[{"href":"http:\/\/visualartsvisuels.ca\/fr\/wp-json\/wp\/v2\/pages\/279","targetHints":{"allow":["GET"]}}],"collection":[{"href":"http:\/\/visualartsvisuels.ca\/fr\/wp-json\/wp\/v2\/pages"}],"about":[{"href":"http:\/\/visualartsvisuels.ca\/fr\/wp-json\/wp\/v2\/types\/page"}],"author":[{"embeddable":true,"href":"http:\/\/visualartsvisuels.ca\/fr\/wp-json\/wp\/v2\/users\/1"}],"replies":[{"embeddable":true,"href":"http:\/\/visualartsvisuels.ca\/fr\/wp-json\/wp\/v2\/comments?post=279"}],"version-history":[{"count":4,"href":"http:\/\/visualartsvisuels.ca\/fr\/wp-json\/wp\/v2\/pages\/279\/revisions"}],"predecessor-version":[{"id":684,"href":"http:\/\/visualartsvisuels.ca\/fr\/wp-json\/wp\/v2\/pages\/279\/revisions\/684"}],"up":[{"embeddable":true,"href":"http:\/\/visualartsvisuels.ca\/fr\/wp-json\/wp\/v2\/pages\/26"}],"wp:featuredmedia":[{"embeddable":true,"href":"http:\/\/visualartsvisuels.ca\/fr\/wp-json\/wp\/v2\/media\/329"}],"wp:attachment":[{"href":"http:\/\/visualartsvisuels.ca\/fr\/wp-json\/wp\/v2\/media?parent=279"}],"curies":[{"name":"wp","href":"https:\/\/api.w.org\/{rel}","templated":true}]}}