{"id":25,"date":"2023-03-20T11:22:25","date_gmt":"2023-03-20T11:22:25","guid":{"rendered":"visualartsvisuels.ca\/?page_id=25"},"modified":"2025-04-17T14:04:51","modified_gmt":"2025-04-17T14:04:51","slug":"home","status":"publish","type":"page","link":"https:\/\/visualartsvisuels.ca\/fr\/","title":{"rendered":"Home"},"content":{"rendered":"<h1 class=\"wp-block-heading\" id=\"about\">Nous sommes <mark style=\"background-color:rgba(0, 0, 0, 0)\" class=\"has-inline-color has-secondary-color\">l'Alliance pour les arts visuels<\/mark> \u2022 <mark style=\"background-color:rgba(0, 0, 0, 0);color:rgb(82, 155, 199)\" class=\"has-inline-color\">Visual Arts Alliance<\/mark><\/h1>\n\n\n\n<p>L\u2019Alliance pour les arts visuels (VAA-AAV) soutient et d\u00e9fend les int\u00e9r\u00eats de la communaut\u00e9 des arts visuels. Nous participons \u00e0 un dialogue continu autour d\u2019une vision et d\u2019un objectif communs, ce qui nous permet de faire progresser les arts visuels au Canada.<\/p>\n\n\n\n<p>Nos membres sont des organisations nationales de services aux arts repr\u00e9sentant les sous-secteurs des arts visuels, des arts m\u00e9diatiques et des m\u00e9tiers d'art. Constitu\u00e9e lors du Sommet des arts visuels en 2007, l'Alliance pour les arts visuels fait la lumi\u00e8re sur la fa\u00e7on dont les artistes cr\u00e9ent et gagnent leur vie, sur le fonctionnement du march\u00e9 de l'art, sur la fa\u00e7on dont les arts visuels sont pr\u00e9sent\u00e9s et pr\u00e9serv\u00e9s, sur la fa\u00e7on dont les publics s'int\u00e9ressent aux arts visuels contemporains et sur la fa\u00e7on dont ces connaissances peuvent \u00e9clairer les politiques et les pratiques.<\/p>\n\n\n\n<details class=\"wp-block-details objectives-details is-layout-flow wp-block-details-is-layout-flow\"><summary>Objectifs<\/summary>\n<ul class=\"wp-block-list\">\n<li>Nous fournissons des ressources et des possibilit\u00e9s de r\u00e9seautage pour notre secteur, et nous favorisons les connexions et la collaboration entre les artistes, les \u00e9ducateur\u00b7trice\u00b7s, les commissaires, les marchand\u00b7e\u00b7s d'\u0153uvres d'art et les organisations culturelles afin de renforcer la communaut\u00e9 artistique.<\/li>\n\n\n\n<li>Nous am\u00e9liorons la visibilit\u00e9 des arts visuels et promouvons la sensibilisation et l\u2019appr\u00e9ciation du public \u00e0 l'\u00e9gard de l'art en tant qu'aspect vital de notre paysage culturel contemporain.<\/li>\n\n\n\n<li>Nous d\u00e9fendons les int\u00e9r\u00eats communs du secteur des arts visuels \u00e0 l\u2019\u00e9chelle nationale, en influen\u00e7ant les politiques gr\u00e2ce \u00e0 des messages cl\u00e9s et \u00e0 une voix unifi\u00e9e.<\/li>\n<\/ul>\n<\/details>\n\n\n\n<details class=\"wp-block-details mission-details is-layout-flow wp-block-details-is-layout-flow\"><summary>Agenda<\/summary>\n<ul class=\"wp-block-list\">\n<li>Satisfaire la demande croissante du public en mati\u00e8re de participation \u00e0 la culture visuelle;<\/li>\n\n\n\n<li>Communiquer les besoins du secteur d'une voix unie;<\/li>\n\n\n\n<li>Fournir aux artistes des moyens de subsistance s\u00fbrs;<\/li>\n\n\n\n<li>Reconna\u00eetre les diff\u00e9rentes cultures des peuples autochtones de ce territoire;<\/li>\n\n\n\n<li>Refl\u00e9ter la diversit\u00e9 de notre soci\u00e9t\u00e9; et<\/li>\n\n\n\n<li>Renforcer les institutions qui font progresser les arts visuels.<\/li>\n<\/ul>\n<\/details>\n\n\n\n<h2 class=\"wp-block-heading\" id=\"members\">Membres<\/h2>\n\n\n\n<div class=\"wp-block-query members-grid is-layout-flow wp-block-query-is-layout-flow\"><ul class=\"columns-3 wp-block-post-template is-layout-grid wp-container-core-post-template-is-layout-6d3fbd8f wp-block-post-template-is-layout-grid\"><li class=\"wp-block-post post-279 page type-page status-publish has-post-thumbnail hentry\">\n<figure class=\"aligncenter fit-image  wp-block-post-featured-image\"><a href=\"https:\/\/visualartsvisuels.ca\/fr\/members\/galeries-ontario-ontario-galleries-11\/\" target=\"_self\"  ><img loading=\"lazy\" decoding=\"async\" width=\"526\" height=\"328\" src=\"https:\/\/visualartsvisuels.ca\/wp-content\/uploads\/2023\/03\/arca_logo.png\" class=\"attachment-post-thumbnail size-post-thumbnail wp-post-image\" alt=\"la Conf\u00e9rence des collectifs et des centres d\u2019artistes autog\u00e9r\u00e9s\" style=\"object-fit:cover;\" srcset=\"https:\/\/visualartsvisuels.ca\/wp-content\/uploads\/2023\/03\/arca_logo.png 526w, https:\/\/visualartsvisuels.ca\/wp-content\/uploads\/2023\/03\/arca_logo-300x187.png 300w\" sizes=\"auto, (max-width: 526px) 100vw, 526px\" \/><\/a><\/figure>\n<\/li><li class=\"wp-block-post post-278 page type-page status-publish has-post-thumbnail hentry\">\n<figure class=\"aligncenter fit-image  wp-block-post-featured-image\"><a href=\"https:\/\/visualartsvisuels.ca\/fr\/members\/galeries-ontario-ontario-galleries-7\/\" target=\"_self\"  ><img loading=\"lazy\" decoding=\"async\" width=\"296\" height=\"82\" src=\"https:\/\/visualartsvisuels.ca\/wp-content\/uploads\/2023\/03\/CMAlogo_EN.png\" class=\"attachment-post-thumbnail size-post-thumbnail wp-post-image\" alt=\"L\u2019Association des mus\u00e9es canadiens\" style=\"object-fit:cover;\" \/><\/a><\/figure>\n<\/li><li class=\"wp-block-post post-277 page type-page status-publish has-post-thumbnail hentry\">\n<figure class=\"aligncenter fit-image  wp-block-post-featured-image\"><a href=\"https:\/\/visualartsvisuels.ca\/fr\/members\/galeries-ontario-ontario-galleries-5\/\" target=\"_self\"  ><img loading=\"lazy\" decoding=\"async\" width=\"1708\" height=\"551\" src=\"https:\/\/visualartsvisuels.ca\/wp-content\/uploads\/2023\/03\/CCF-Logo-sm-2.png\" class=\"attachment-post-thumbnail size-post-thumbnail wp-post-image\" alt=\"La F\u00e9d\u00e9ration canadienne des m\u00e9tiers d&#039;art\" style=\"object-fit:cover;\" srcset=\"https:\/\/visualartsvisuels.ca\/wp-content\/uploads\/2023\/03\/CCF-Logo-sm-2.png 1708w, https:\/\/visualartsvisuels.ca\/wp-content\/uploads\/2023\/03\/CCF-Logo-sm-2-300x97.png 300w, https:\/\/visualartsvisuels.ca\/wp-content\/uploads\/2023\/03\/CCF-Logo-sm-2-1024x330.png 1024w, https:\/\/visualartsvisuels.ca\/wp-content\/uploads\/2023\/03\/CCF-Logo-sm-2-768x248.png 768w, https:\/\/visualartsvisuels.ca\/wp-content\/uploads\/2023\/03\/CCF-Logo-sm-2-1536x496.png 1536w\" sizes=\"auto, (max-width: 1708px) 100vw, 1708px\" \/><\/a><\/figure>\n<\/li><li class=\"wp-block-post post-276 page type-page status-publish has-post-thumbnail hentry\">\n<figure class=\"aligncenter fit-image  wp-block-post-featured-image\"><a href=\"https:\/\/visualartsvisuels.ca\/fr\/members\/galeries-ontario-ontario-galleries-10\/\" target=\"_self\"  ><img loading=\"lazy\" decoding=\"async\" width=\"193\" height=\"141\" src=\"https:\/\/visualartsvisuels.ca\/wp-content\/uploads\/2023\/03\/FC85753E-0595-4C9E-9749-E00D4392C223.png\" class=\"attachment-post-thumbnail size-post-thumbnail wp-post-image\" alt=\"Canadian Art Gallery Educators\" style=\"object-fit:cover;\" \/><\/a><\/figure>\n<\/li><li class=\"wp-block-post post-275 page type-page status-publish has-post-thumbnail hentry\">\n<figure class=\"aligncenter fit-image  wp-block-post-featured-image\"><a href=\"https:\/\/visualartsvisuels.ca\/fr\/members\/galeries-ontario-ontario-galleries-9\/\" target=\"_self\"  ><img loading=\"lazy\" decoding=\"async\" width=\"2560\" height=\"1978\" src=\"https:\/\/visualartsvisuels.ca\/wp-content\/uploads\/2023\/08\/RAAV-Pastille-4Couleurs-RGB-1-scaled.jpg\" class=\"attachment-post-thumbnail size-post-thumbnail wp-post-image\" alt=\"Regroupement des artistes en arts visuels du Qu\u00e9bec\" style=\"object-fit:cover;\" srcset=\"https:\/\/visualartsvisuels.ca\/wp-content\/uploads\/2023\/08\/RAAV-Pastille-4Couleurs-RGB-1-scaled.jpg 2560w, https:\/\/visualartsvisuels.ca\/wp-content\/uploads\/2023\/08\/RAAV-Pastille-4Couleurs-RGB-1-300x232.jpg 300w, https:\/\/visualartsvisuels.ca\/wp-content\/uploads\/2023\/08\/RAAV-Pastille-4Couleurs-RGB-1-1024x791.jpg 1024w, https:\/\/visualartsvisuels.ca\/wp-content\/uploads\/2023\/08\/RAAV-Pastille-4Couleurs-RGB-1-768x593.jpg 768w, https:\/\/visualartsvisuels.ca\/wp-content\/uploads\/2023\/08\/RAAV-Pastille-4Couleurs-RGB-1-1536x1187.jpg 1536w, https:\/\/visualartsvisuels.ca\/wp-content\/uploads\/2023\/08\/RAAV-Pastille-4Couleurs-RGB-1-2048x1582.jpg 2048w, https:\/\/visualartsvisuels.ca\/wp-content\/uploads\/2023\/08\/RAAV-Pastille-4Couleurs-RGB-1-16x12.jpg 16w\" sizes=\"auto, (max-width: 2560px) 100vw, 2560px\" \/><\/a><\/figure>\n<\/li><li class=\"wp-block-post post-274 page type-page status-publish has-post-thumbnail hentry\">\n<figure class=\"aligncenter fit-image  wp-block-post-featured-image\"><a href=\"https:\/\/visualartsvisuels.ca\/fr\/members\/galeries-ontario-ontario-galleries-8\/\" target=\"_self\"  ><img loading=\"lazy\" decoding=\"async\" width=\"190\" height=\"48\" src=\"https:\/\/visualartsvisuels.ca\/wp-content\/uploads\/2023\/03\/CD70DBDC-8BCB-4EEC-B0A3-81D195A34AA1.png\" class=\"attachment-post-thumbnail size-post-thumbnail wp-post-image\" alt=\"l\u2019Alliance des arts m\u00e9diatiques ind\u00e9pendants\" style=\"object-fit:cover;\" \/><\/a><\/figure>\n<\/li><li class=\"wp-block-post post-273 page type-page status-publish has-post-thumbnail hentry\">\n<figure class=\"aligncenter fit-image  wp-block-post-featured-image\"><a href=\"https:\/\/visualartsvisuels.ca\/fr\/members\/galeries-ontario-ontario-galleries-6\/\" target=\"_self\"  ><img loading=\"lazy\" decoding=\"async\" width=\"232\" height=\"78\" src=\"https:\/\/visualartsvisuels.ca\/wp-content\/uploads\/2023\/03\/6BAA8134-3514-4FF0-8A91-87E4F17A373D.png\" class=\"attachment-post-thumbnail size-post-thumbnail wp-post-image\" alt=\"Organisation des directeurs des mus\u00e9es d\u2019Art Canadiens\" style=\"object-fit:cover;\" \/><\/a><\/figure>\n<\/li><li class=\"wp-block-post post-272 page type-page status-publish has-post-thumbnail hentry\">\n<figure class=\"aligncenter fit-image  wp-block-post-featured-image\"><a href=\"https:\/\/visualartsvisuels.ca\/fr\/members\/galeries-ontario-ontario-galleries-4\/\" target=\"_self\"  ><img loading=\"lazy\" decoding=\"async\" width=\"540\" height=\"172\" src=\"https:\/\/visualartsvisuels.ca\/wp-content\/uploads\/2023\/03\/carfac.png\" class=\"attachment-post-thumbnail size-post-thumbnail wp-post-image\" alt=\"CARFAC\" style=\"object-fit:cover;\" srcset=\"https:\/\/visualartsvisuels.ca\/wp-content\/uploads\/2023\/03\/carfac.png 540w, https:\/\/visualartsvisuels.ca\/wp-content\/uploads\/2023\/03\/carfac-300x96.png 300w\" sizes=\"auto, (max-width: 540px) 100vw, 540px\" \/><\/a><\/figure>\n<\/li><li class=\"wp-block-post post-271 page type-page status-publish has-post-thumbnail hentry\">\n<figure class=\"aligncenter fit-image  wp-block-post-featured-image\"><a href=\"https:\/\/visualartsvisuels.ca\/fr\/members\/galeries-ontario-ontario-galleries-3\/\" target=\"_self\"  ><img loading=\"lazy\" decoding=\"async\" width=\"1498\" height=\"419\" src=\"https:\/\/visualartsvisuels.ca\/wp-content\/uploads\/2023\/03\/cropped-logo.gif\" class=\"attachment-post-thumbnail size-post-thumbnail wp-post-image\" alt=\"L\u2019Association des groupes en arts visuels francophones\" style=\"object-fit:cover;\" \/><\/a><\/figure>\n<\/li><li class=\"wp-block-post post-270 page type-page status-publish has-post-thumbnail hentry\">\n<figure class=\"aligncenter fit-image  wp-block-post-featured-image\"><a href=\"https:\/\/visualartsvisuels.ca\/fr\/members\/galeries-ontario-ontario-galleries-2\/\" target=\"_self\"  ><img loading=\"lazy\" decoding=\"async\" width=\"632\" height=\"314\" src=\"https:\/\/visualartsvisuels.ca\/wp-content\/uploads\/2023\/03\/rcaa.png\" class=\"attachment-post-thumbnail size-post-thumbnail wp-post-image\" alt=\"L\u2019Acad\u00e9mie royale des arts du Canada\" style=\"object-fit:cover;\" srcset=\"https:\/\/visualartsvisuels.ca\/wp-content\/uploads\/2023\/03\/rcaa.png 632w, https:\/\/visualartsvisuels.ca\/wp-content\/uploads\/2023\/03\/rcaa-300x149.png 300w\" sizes=\"auto, (max-width: 632px) 100vw, 632px\" \/><\/a><\/figure>\n<\/li><li class=\"wp-block-post post-267 page type-page status-publish has-post-thumbnail hentry\">\n<figure class=\"aligncenter fit-image  wp-block-post-featured-image\"><a href=\"https:\/\/visualartsvisuels.ca\/fr\/members\/galeries-ontario-ontario-galleries\/\" target=\"_self\"  ><img loading=\"lazy\" decoding=\"async\" width=\"1230\" height=\"339\" src=\"https:\/\/visualartsvisuels.ca\/wp-content\/uploads\/2023\/03\/Artboard-1@3x.png\" class=\"attachment-post-thumbnail size-post-thumbnail wp-post-image\" alt=\"Galeries Ontario \/ Ontario Galleries\" style=\"object-fit:cover;\" srcset=\"https:\/\/visualartsvisuels.ca\/wp-content\/uploads\/2023\/03\/Artboard-1@3x.png 1230w, https:\/\/visualartsvisuels.ca\/wp-content\/uploads\/2023\/03\/Artboard-1@3x-300x83.png 300w, https:\/\/visualartsvisuels.ca\/wp-content\/uploads\/2023\/03\/Artboard-1@3x-1024x282.png 1024w, https:\/\/visualartsvisuels.ca\/wp-content\/uploads\/2023\/03\/Artboard-1@3x-768x212.png 768w\" sizes=\"auto, (max-width: 1230px) 100vw, 1230px\" \/><\/a><\/figure>\n<\/li><\/ul>\n\n<\/div>\n\n\n\n<h2 class=\"wp-block-heading\" id=\"activities\">Activit\u00e9s <\/h2>\n\n\n\n<div class=\"wp-block-group is-content-justification-space-between is-layout-flex wp-container-core-group-is-layout-7ca776bb wp-block-group-is-layout-flex\">\n<h3 class=\"wp-block-heading\" style=\"padding-bottom:1rem\">Nouvelles<\/h3>\n\n\n\n<div class=\"wp-block-buttons is-content-justification-center is-layout-flex wp-container-core-buttons-is-layout-a89b3969 wp-block-buttons-is-layout-flex\">\n<div class=\"wp-block-button\"><a class=\"wp-block-button__link wp-element-button\" href=\"\/fr\/activities-and-news\/\">Voir toutes les activit\u00e9s et nouvelles...<\/a><\/div>\n<\/div>\n<\/div>\n\n\n\n<div class=\"wp-block-query newsfeed is-layout-flow wp-block-query-is-layout-flow\"><ul class=\"wp-block-post-template is-layout-grid wp-container-core-post-template-is-layout-f434c19f wp-block-post-template-is-layout-grid\"><li class=\"wp-block-post post-902 post type-post status-publish format-standard hentry category-uncategorized\">\n\n<div class=\"wp-block-group has-border-color has-tertiary-border-color has-global-padding is-layout-constrained wp-container-core-group-is-layout-6fdbda32 wp-block-group-is-layout-constrained\" style=\"border-width:25px;padding-top:1rem;padding-right:1rem;padding-bottom:1rem;padding-left:1rem\"><h4 style=\"font-style:normal;font-weight:400; padding-bottom:0;padding-top:0;\" class=\"has-text-align-left has-link-color wp-elements-2060de040d8cbfcc66cd75c93eb1fb87 wp-block-post-title has-x-large-font-size\"><a href=\"https:\/\/visualartsvisuels.ca\/fr\/vaa-aav-2025-submission-to-the-finance-comittee\/\" target=\"_self\" >VAA-AAV 2025 Submission to the Finance Comittee<\/a><\/h4><\/div>\n\n<\/li><li class=\"wp-block-post post-827 post type-post status-publish format-standard hentry category-uncategorized\">\n\n<div class=\"wp-block-group has-border-color has-tertiary-border-color has-global-padding is-layout-constrained wp-container-core-group-is-layout-6fdbda32 wp-block-group-is-layout-constrained\" style=\"border-width:25px;padding-top:1rem;padding-right:1rem;padding-bottom:1rem;padding-left:1rem\"><h4 style=\"font-style:normal;font-weight:400; padding-bottom:0;padding-top:0;\" class=\"has-text-align-left has-link-color wp-elements-2060de040d8cbfcc66cd75c93eb1fb87 wp-block-post-title has-x-large-font-size\"><a href=\"https:\/\/visualartsvisuels.ca\/fr\/vaa-pre-budget-submissions-2025\/\" target=\"_self\" >AAV \u2013 Pr\u00e9budg\u00e9taires de 2025<\/a><\/h4><\/div>\n\n<\/li><li class=\"wp-block-post post-825 post type-post status-publish format-standard hentry category-uncategorized\">\n\n<div class=\"wp-block-group has-border-color has-tertiary-border-color has-global-padding is-layout-constrained wp-container-core-group-is-layout-6fdbda32 wp-block-group-is-layout-constrained\" style=\"border-width:25px;padding-top:1rem;padding-right:1rem;padding-bottom:1rem;padding-left:1rem\"><h4 style=\"font-style:normal;font-weight:400; padding-bottom:0;padding-top:0;\" class=\"has-text-align-left has-link-color wp-elements-2060de040d8cbfcc66cd75c93eb1fb87 wp-block-post-title has-x-large-font-size\"><a href=\"https:\/\/visualartsvisuels.ca\/fr\/vaa-aav-submission-for-the-finance-department-pre-budget-consultations-2023\/\" target=\"_self\" >VAA-AAV: M\u00e9moire pour les consultations pr\u00e9budg\u00e9taires en pr\u00e9vision du prochain budget f\u00e9d\u00e9ral 2023<\/a><\/h4><\/div>\n\n<\/li><\/ul><\/div>\n\n\n\n<div class=\"wp-block-group has-global-padding is-layout-constrained wp-block-group-is-layout-constrained\">\n<h3 class=\"wp-block-heading\">Ressources<\/h3>\n\n\n\n<div class=\"wp-block-query newsfeed is-layout-flow wp-block-query-is-layout-flow\"><ul class=\"wp-block-post-template is-layout-grid wp-container-core-post-template-is-layout-f434c19f wp-block-post-template-is-layout-grid\"><li class=\"wp-block-post post-634 page type-page status-publish hentry\">\n\n<div class=\"wp-block-group has-border-color has-global-padding is-layout-constrained wp-container-core-group-is-layout-6fdbda32 wp-block-group-is-layout-constrained\" style=\"border-color:#bcbdc0;border-width:25px;padding-top:1rem;padding-right:1rem;padding-bottom:1rem;padding-left:1rem\"><h4 style=\"font-style:normal;font-weight:400; padding-bottom:0;padding-top:0;\" class=\"has-text-align-left has-link-color wp-elements-2060de040d8cbfcc66cd75c93eb1fb87 wp-block-post-title has-x-large-font-size\"><a href=\"https:\/\/visualartsvisuels.ca\/fr\/research\/the-kingston-colloquium-2\/\" target=\"_self\" >Rapport du Sommet sur les arts visuels<\/a><\/h4><\/div>\n\n<\/li><li class=\"wp-block-post post-637 page type-page status-publish hentry\">\n\n<div class=\"wp-block-group has-border-color has-global-padding is-layout-constrained wp-container-core-group-is-layout-6fdbda32 wp-block-group-is-layout-constrained\" style=\"border-color:#bcbdc0;border-width:25px;padding-top:1rem;padding-right:1rem;padding-bottom:1rem;padding-left:1rem\"><h4 style=\"font-style:normal;font-weight:400; padding-bottom:0;padding-top:0;\" class=\"has-text-align-left has-link-color wp-elements-2060de040d8cbfcc66cd75c93eb1fb87 wp-block-post-title has-x-large-font-size\"><a href=\"https:\/\/visualartsvisuels.ca\/fr\/research\/the-bellavance-report\/\" target=\"_self\" >Le Rapport Bellavance<\/a><\/h4><\/div>\n\n<\/li><li class=\"wp-block-post post-630 page type-page status-publish hentry\">\n\n<div class=\"wp-block-group has-border-color has-global-padding is-layout-constrained wp-container-core-group-is-layout-6fdbda32 wp-block-group-is-layout-constrained\" style=\"border-color:#bcbdc0;border-width:25px;padding-top:1rem;padding-right:1rem;padding-bottom:1rem;padding-left:1rem\"><h4 style=\"font-style:normal;font-weight:400; padding-bottom:0;padding-top:0;\" class=\"has-text-align-left has-link-color wp-elements-2060de040d8cbfcc66cd75c93eb1fb87 wp-block-post-title has-x-large-font-size\"><a href=\"https:\/\/visualartsvisuels.ca\/fr\/research\/the-kingston-colloquium\/\" target=\"_self\" >Le Colloque de Kingston<\/a><\/h4><\/div>\n\n<\/li><\/ul><\/div>\n<\/div>\n\n\n\n<h2 class=\"wp-block-heading\" id=\"contact\">Contact<\/h2>\n\n\n\n<p>Envoyez un courriel \u00e0 VAA \u00e0 <a href=\"mailto:info@visualartsvisuels.ca\"><strong>info@visualartsvisuels.ca<\/strong><\/a><\/p>","protected":false},"excerpt":{"rendered":"<p>We are the Visual Arts Alliance \u2022 Alliance pour les arts visuels The Visual Arts Alliance (VAA-AAV) supports and advocates for the visual arts community. We participate in an ongoing dialogue with a collective purpose and vision, allowing us to advance the visual arts in Canada. Our members are National Arts Service Organizations representing the [&hellip;]<\/p>\n","protected":false},"author":1,"featured_media":0,"parent":0,"menu_order":0,"comment_status":"closed","ping_status":"closed","template":"","meta":{"footnotes":""},"class_list":["post-25","page","type-page","status-publish","hentry"],"_links":{"self":[{"href":"https:\/\/visualartsvisuels.ca\/fr\/wp-json\/wp\/v2\/pages\/25","targetHints":{"allow":["GET"]}}],"collection":[{"href":"https:\/\/visualartsvisuels.ca\/fr\/wp-json\/wp\/v2\/pages"}],"about":[{"href":"https:\/\/visualartsvisuels.ca\/fr\/wp-json\/wp\/v2\/types\/page"}],"author":[{"embeddable":true,"href":"https:\/\/visualartsvisuels.ca\/fr\/wp-json\/wp\/v2\/users\/1"}],"replies":[{"embeddable":true,"href":"https:\/\/visualartsvisuels.ca\/fr\/wp-json\/wp\/v2\/comments?post=25"}],"version-history":[{"count":107,"href":"https:\/\/visualartsvisuels.ca\/fr\/wp-json\/wp\/v2\/pages\/25\/revisions"}],"predecessor-version":[{"id":888,"href":"https:\/\/visualartsvisuels.ca\/fr\/wp-json\/wp\/v2\/pages\/25\/revisions\/888"}],"wp:attachment":[{"href":"https:\/\/visualartsvisuels.ca\/fr\/wp-json\/wp\/v2\/media?parent=25"}],"curies":[{"name":"wp","href":"https:\/\/api.w.org\/{rel}","templated":true}]}}