{"id":630,"date":"2023-07-27T22:37:43","date_gmt":"2023-07-27T22:37:43","guid":{"rendered":"visualartsvisuels.ca\/?page_id=630"},"modified":"2025-01-15T11:30:00","modified_gmt":"2025-01-15T11:30:00","slug":"the-kingston-colloquium","status":"publish","type":"page","link":"https:\/\/visualartsvisuels.ca\/fr\/research\/the-kingston-colloquium\/","title":{"rendered":"Le Colloque de Kingston"},"content":{"rendered":"<p>Organis\u00e9 par L\u2019Alliance pour les arts visuels, le Colloque de Kingston portrait sur l\u2019avenir des arts visuels au Canada, comm\u00e9morant \u00e9galement le 70e anniversaire de la Conf\u00e9rence de Kingston qui conduisit \u00e0 la cr\u00e9ation de la Commission Massey-L\u00e9vesque sur les arts au Canada et, plus tard, \u00e0 la fondation du Conseil des Arts du Canada.&nbsp;<\/p>\n\n\n\n<div class=\"wp-block-file\"><a id=\"wp-block-file--media-65a49735-55c5-4afc-9dc6-12d932945cae\" href=\"visualartsvisuels.ca\/wp-content\/uploads\/2023\/08\/VAA-Colloquium-FR.pdf\" target=\"_blank\" rel=\"noreferrer noopener\">Colloque de Kingston<\/a><a href=\"visualartsvisuels.ca\/wp-content\/uploads\/2023\/08\/VAA-Colloquium-FR.pdf\" class=\"wp-block-file__button wp-element-button\" download aria-describedby=\"wp-block-file--media-65a49735-55c5-4afc-9dc6-12d932945cae\">T\u00e9l\u00e9charger<\/a><\/div>","protected":false},"excerpt":{"rendered":"<p>The Kingston Colloquium was organized by the Visual Arts Alliance in order to look towards the future of the visual arts in Canada and commemorated the 70th anniversary of a similar event that occurred in 1941, the first time people working in the visual arts had come together to discuss common concerns. The 1941 Kingston [&hellip;]<\/p>\n","protected":false},"author":1,"featured_media":0,"parent":627,"menu_order":10,"comment_status":"closed","ping_status":"closed","template":"","meta":{"footnotes":""},"class_list":["post-630","page","type-page","status-publish","hentry"],"_links":{"self":[{"href":"https:\/\/visualartsvisuels.ca\/fr\/wp-json\/wp\/v2\/pages\/630","targetHints":{"allow":["GET"]}}],"collection":[{"href":"https:\/\/visualartsvisuels.ca\/fr\/wp-json\/wp\/v2\/pages"}],"about":[{"href":"https:\/\/visualartsvisuels.ca\/fr\/wp-json\/wp\/v2\/types\/page"}],"author":[{"embeddable":true,"href":"https:\/\/visualartsvisuels.ca\/fr\/wp-json\/wp\/v2\/users\/1"}],"replies":[{"embeddable":true,"href":"https:\/\/visualartsvisuels.ca\/fr\/wp-json\/wp\/v2\/comments?post=630"}],"version-history":[{"count":3,"href":"https:\/\/visualartsvisuels.ca\/fr\/wp-json\/wp\/v2\/pages\/630\/revisions"}],"predecessor-version":[{"id":710,"href":"https:\/\/visualartsvisuels.ca\/fr\/wp-json\/wp\/v2\/pages\/630\/revisions\/710"}],"up":[{"embeddable":true,"href":"https:\/\/visualartsvisuels.ca\/fr\/wp-json\/wp\/v2\/pages\/627"}],"wp:attachment":[{"href":"https:\/\/visualartsvisuels.ca\/fr\/wp-json\/wp\/v2\/media?parent=630"}],"curies":[{"name":"wp","href":"https:\/\/api.w.org\/{rel}","templated":true}]}}