{"id":634,"date":"2023-07-29T22:42:18","date_gmt":"2023-07-29T22:42:18","guid":{"rendered":"visualartsvisuels.ca\/?page_id=634"},"modified":"2023-08-31T18:40:43","modified_gmt":"2023-08-31T18:40:43","slug":"the-kingston-colloquium-2","status":"publish","type":"page","link":"https:\/\/visualartsvisuels.ca\/fr\/research\/the-kingston-colloquium-2\/","title":{"rendered":"Rapport du Sommet sur les arts visuels"},"content":{"rendered":"<p>Le Sommet des arts visuels, organis\u00e9 par l\u2019Association des Mus\u00e9es Canadiens avec le soutien du Conseil des arts du Canada et plusieurs autres commanditaires, a r\u00e9uni artistes, commissaires, travailleurs culturels, collectionneurs, gal\u00e9ristes, \u00e9ducateurs, critiques et historiens de l\u2019art, pour tenir des discussions de haut niveau sur tous les aspects de l\u2019art canadien, avec l\u2019intention d\u2019\u00e9tablir un consensus et une strat\u00e9gie visant \u00e0 \u00e9largir l\u2019appr\u00e9ciation et le soutien de l\u2019art canadien. De ce sommet est n\u00e9e une nouvelle coalition, l\u2019Alliance pour les arts visuels, qui aura pour mission de cibler les enjeux du pass\u00e9 et de renforcer l\u2019appr\u00e9ciation publique des arts visuels canadiens. L\u2019Alliance des arts visuels form\u00e9e durant ce sommet a pour objectif d\u2019am\u00e9liorer les conditions socio-\u00e9conomiques des artistes et de voir \u00e0 la sant\u00e9 continue des galeries d\u2019art publiques et commerciales, des mus\u00e9es ainsi que des centres d\u2019artistes en vue de l\u2019\u00e9panouissement du milieu des arts visuels dans son ensemble.<\/p>\n\n\n\n<div class=\"wp-block-file\"><a id=\"wp-block-file--media-65a49735-55c5-4afc-9dc6-12d932945cae\" href=\"visualartsvisuels.ca\/wp-content\/uploads\/2023\/08\/27e5fcca-20e8-4495-a92f-b4383d5b14f0.pdf\" target=\"_blank\" rel=\"noreferrer noopener\">Rapport du Sommet sur les arts visuels<\/a><a href=\"visualartsvisuels.ca\/wp-content\/uploads\/2023\/08\/27e5fcca-20e8-4495-a92f-b4383d5b14f0.pdf\" class=\"wp-block-file__button wp-element-button\" download aria-describedby=\"wp-block-file--media-65a49735-55c5-4afc-9dc6-12d932945cae\">T\u00e9l\u00e9charger<\/a><\/div>","protected":false},"excerpt":{"rendered":"<p>The Visual Arts Alliance came together during a summit of stakeholders in the visual arts held in 2007, organized by the Canadian Museums Association and funded by the Canada Council for the Arts and various corporate sponsors. The summit brought together artists, curators, those working in art museums and artist-run centres, art dealers, collectors, educators, [&hellip;]<\/p>\n","protected":false},"author":1,"featured_media":0,"parent":627,"menu_order":10,"comment_status":"closed","ping_status":"closed","template":"","meta":{"footnotes":""},"class_list":["post-634","page","type-page","status-publish","hentry"],"_links":{"self":[{"href":"https:\/\/visualartsvisuels.ca\/fr\/wp-json\/wp\/v2\/pages\/634","targetHints":{"allow":["GET"]}}],"collection":[{"href":"https:\/\/visualartsvisuels.ca\/fr\/wp-json\/wp\/v2\/pages"}],"about":[{"href":"https:\/\/visualartsvisuels.ca\/fr\/wp-json\/wp\/v2\/types\/page"}],"author":[{"embeddable":true,"href":"https:\/\/visualartsvisuels.ca\/fr\/wp-json\/wp\/v2\/users\/1"}],"replies":[{"embeddable":true,"href":"https:\/\/visualartsvisuels.ca\/fr\/wp-json\/wp\/v2\/comments?post=634"}],"version-history":[{"count":3,"href":"https:\/\/visualartsvisuels.ca\/fr\/wp-json\/wp\/v2\/pages\/634\/revisions"}],"predecessor-version":[{"id":711,"href":"https:\/\/visualartsvisuels.ca\/fr\/wp-json\/wp\/v2\/pages\/634\/revisions\/711"}],"up":[{"embeddable":true,"href":"https:\/\/visualartsvisuels.ca\/fr\/wp-json\/wp\/v2\/pages\/627"}],"wp:attachment":[{"href":"https:\/\/visualartsvisuels.ca\/fr\/wp-json\/wp\/v2\/media?parent=634"}],"curies":[{"name":"wp","href":"https:\/\/api.w.org\/{rel}","templated":true}]}}