{"id":637,"date":"2023-07-28T22:43:45","date_gmt":"2023-07-28T22:43:45","guid":{"rendered":"visualartsvisuels.ca\/?page_id=637"},"modified":"2025-01-15T11:29:54","modified_gmt":"2025-01-15T11:29:54","slug":"the-bellavance-report","status":"publish","type":"page","link":"https:\/\/visualartsvisuels.ca\/fr\/research\/the-bellavance-report\/","title":{"rendered":"Le Rapport Bellavance"},"content":{"rendered":"<p class=\"translation-block\">En automne 2009, le Dr Guy Bellavance a \u00e9t\u00e9 mandat\u00e9 par L\u2019Alliance pour les arts visuels pour faire une revue critique de la documentation existante sur les arts visuels au Canada. Cette revue exhaustive soutenue par le Conseil des arts du Canada, a permis d\u2019identifier le manque de recherche existant dans ce secteur et d\u2019envisager des solutions pour y pallier. Les r\u00e9sultats de cette \u00e9tude ont \u00e9t\u00e9 pr\u00e9sent\u00e9 \u00e0 l\u2019occasion du Colloque de Kingston, en septembre 2011.<\/p>\n\n\n\n<div class=\"wp-block-file\"><a id=\"wp-block-file--media-d7878330-b4d2-4ee5-ac1c-86ecb03476f1\" href=\"visualartsvisuels.ca\/wp-content\/uploads\/2023\/08\/Le-secteur-des-arts-visuels-au-Canada.pdf\" target=\"_blank\" rel=\"noreferrer noopener\">Le Rapport Bellevance<\/a><a href=\"visualartsvisuels.ca\/wp-content\/uploads\/2023\/08\/Le-secteur-des-arts-visuels-au-Canada.pdf\" class=\"wp-block-file__button wp-element-button\" download aria-describedby=\"wp-block-file--media-d7878330-b4d2-4ee5-ac1c-86ecb03476f1\">T\u00e9l\u00e9charger<\/a><\/div>\n\n\n\n<div class=\"wp-block-file\"><a id=\"wp-block-file--media-02b4053e-5498-41d1-873e-194a40438e59\" href=\"visualartsvisuels.ca\/wp-content\/uploads\/2023\/08\/24d53fd2-d51d-4a0f-bcad-786cbc2374a2.pdf\">Sommaire ex\u00e9cutif<\/a><a href=\"visualartsvisuels.ca\/wp-content\/uploads\/2023\/08\/24d53fd2-d51d-4a0f-bcad-786cbc2374a2.pdf\" class=\"wp-block-file__button wp-element-button\" download aria-describedby=\"wp-block-file--media-02b4053e-5498-41d1-873e-194a40438e59\">T\u00e9l\u00e9charger<\/a><\/div>","protected":false},"excerpt":{"rendered":"<p>In order to establish priorities between these important research goals, the Alliance commissioned a literature review to assess what research already exists and identify gaps. In the fall of 2009, with funding from the Canada Council for the Arts, Dr. Guy Bellavance of the Institut national de la recherche scientifique (now known as the&nbsp;Centre INRS\u2013Institut [&hellip;]<\/p>\n","protected":false},"author":1,"featured_media":0,"parent":627,"menu_order":0,"comment_status":"closed","ping_status":"closed","template":"","meta":{"footnotes":""},"class_list":["post-637","page","type-page","status-publish","hentry"],"_links":{"self":[{"href":"https:\/\/visualartsvisuels.ca\/fr\/wp-json\/wp\/v2\/pages\/637","targetHints":{"allow":["GET"]}}],"collection":[{"href":"https:\/\/visualartsvisuels.ca\/fr\/wp-json\/wp\/v2\/pages"}],"about":[{"href":"https:\/\/visualartsvisuels.ca\/fr\/wp-json\/wp\/v2\/types\/page"}],"author":[{"embeddable":true,"href":"https:\/\/visualartsvisuels.ca\/fr\/wp-json\/wp\/v2\/users\/1"}],"replies":[{"embeddable":true,"href":"https:\/\/visualartsvisuels.ca\/fr\/wp-json\/wp\/v2\/comments?post=637"}],"version-history":[{"count":5,"href":"https:\/\/visualartsvisuels.ca\/fr\/wp-json\/wp\/v2\/pages\/637\/revisions"}],"predecessor-version":[{"id":852,"href":"https:\/\/visualartsvisuels.ca\/fr\/wp-json\/wp\/v2\/pages\/637\/revisions\/852"}],"up":[{"embeddable":true,"href":"https:\/\/visualartsvisuels.ca\/fr\/wp-json\/wp\/v2\/pages\/627"}],"wp:attachment":[{"href":"https:\/\/visualartsvisuels.ca\/fr\/wp-json\/wp\/v2\/media?parent=637"}],"curies":[{"name":"wp","href":"https:\/\/api.w.org\/{rel}","templated":true}]}}